{"id":418,"date":"2013-07-09T15:09:55","date_gmt":"2013-07-09T13:09:55","guid":{"rendered":"http:\/\/www.iratbank.hu\/?page_id=418"},"modified":"2013-07-09T15:09:55","modified_gmt":"2013-07-09T13:09:55","slug":"partnereink-visszajelzesei","status":"publish","type":"page","link":"http:\/\/www.iratbank.hu\/?page_id=418","title":{"rendered":"Partnereink visszajelz\u00e9sei"},"content":{"rendered":"<p>Ezen az oldalon a banki szolg\u00e1ltat\u00e1sinkat haszn\u00e1l\u00f3 \u00fcgyfeleink sz\u00e1molnak be a tapasztalataikr\u00f3l:<\/p>\n","protected":false},"excerpt":{"rendered":"<p>Ezen az oldalon a banki szolg\u00e1ltat\u00e1sinkat haszn\u00e1l\u00f3 \u00fcgyfeleink sz\u00e1molnak be a tapasztalataikr\u00f3l:<\/p>\n","protected":false},"author":1,"featured_media":0,"parent":0,"menu_order":0,"comment_status":"closed","ping_status":"open","template":"","meta":{"footnotes":""},"class_list":["post-418","page","type-page","status-publish","hentry"],"_links":{"self":[{"href":"http:\/\/www.iratbank.hu\/index.php?rest_route=\/wp\/v2\/pages\/418","targetHints":{"allow":["GET"]}}],"collection":[{"href":"http:\/\/www.iratbank.hu\/index.php?rest_route=\/wp\/v2\/pages"}],"about":[{"href":"http:\/\/www.iratbank.hu\/index.php?rest_route=\/wp\/v2\/types\/page"}],"author":[{"embeddable":true,"href":"http:\/\/www.iratbank.hu\/index.php?rest_route=\/wp\/v2\/users\/1"}],"replies":[{"embeddable":true,"href":"http:\/\/www.iratbank.hu\/index.php?rest_route=%2Fwp%2Fv2%2Fcomments&post=418"}],"version-history":[{"count":1,"href":"http:\/\/www.iratbank.hu\/index.php?rest_route=\/wp\/v2\/pages\/418\/revisions"}],"predecessor-version":[{"id":419,"href":"http:\/\/www.iratbank.hu\/index.php?rest_route=\/wp\/v2\/pages\/418\/revisions\/419"}],"wp:attachment":[{"href":"http:\/\/www.iratbank.hu\/index.php?rest_route=%2Fwp%2Fv2%2Fmedia&parent=418"}],"curies":[{"name":"wp","href":"https:\/\/api.w.org\/{rel}","templated":true}]}}