{"id":408,"date":"2013-07-09T12:45:24","date_gmt":"2013-07-09T10:45:24","guid":{"rendered":"http:\/\/www.iratbank.hu\/?page_id=408"},"modified":"2013-07-09T16:05:37","modified_gmt":"2013-07-09T14:05:37","slug":"feliratkozas-hirlevelunkre","status":"publish","type":"page","link":"http:\/\/www.iratbank.hu\/?page_id=408","title":{"rendered":"Feliratkoz\u00e1s h\u00edrlevel\u00fcnkre"},"content":{"rendered":"<p>Iratkozzon fel ingyenes h\u00edrlevel\u00fcnkre, azonnal let\u00f6lthet\u0151 egyedi \u00e1rlist\u00e1t k\u00fcld\u00f6k&#8230;<img loading=\"lazy\" decoding=\"async\" class=\"alignnone size-medium wp-image-415\" alt=\"nyil\" src=\"http:\/\/www.iratbank.hu\/wp-content\/uploads\/2013\/07\/nyil1-300x114.jpg\" width=\"401\" height=\"158\" \/><\/p>\n","protected":false},"excerpt":{"rendered":"<p>Iratkozzon fel ingyenes h\u00edrlevel\u00fcnkre, azonnal let\u00f6lthet\u0151 egyedi \u00e1rlist\u00e1t k\u00fcld\u00f6k&#8230;<\/p>\n","protected":false},"author":1,"featured_media":0,"parent":0,"menu_order":0,"comment_status":"closed","ping_status":"open","template":"","meta":{"footnotes":""},"class_list":["post-408","page","type-page","status-publish","hentry"],"_links":{"self":[{"href":"http:\/\/www.iratbank.hu\/index.php?rest_route=\/wp\/v2\/pages\/408","targetHints":{"allow":["GET"]}}],"collection":[{"href":"http:\/\/www.iratbank.hu\/index.php?rest_route=\/wp\/v2\/pages"}],"about":[{"href":"http:\/\/www.iratbank.hu\/index.php?rest_route=\/wp\/v2\/types\/page"}],"author":[{"embeddable":true,"href":"http:\/\/www.iratbank.hu\/index.php?rest_route=\/wp\/v2\/users\/1"}],"replies":[{"embeddable":true,"href":"http:\/\/www.iratbank.hu\/index.php?rest_route=%2Fwp%2Fv2%2Fcomments&post=408"}],"version-history":[{"count":7,"href":"http:\/\/www.iratbank.hu\/index.php?rest_route=\/wp\/v2\/pages\/408\/revisions"}],"predecessor-version":[{"id":410,"href":"http:\/\/www.iratbank.hu\/index.php?rest_route=\/wp\/v2\/pages\/408\/revisions\/410"}],"wp:attachment":[{"href":"http:\/\/www.iratbank.hu\/index.php?rest_route=%2Fwp%2Fv2%2Fmedia&parent=408"}],"curies":[{"name":"wp","href":"https:\/\/api.w.org\/{rel}","templated":true}]}}