{"id":14,"date":"2013-03-21T13:21:10","date_gmt":"2013-03-21T12:21:10","guid":{"rendered":"http:\/\/www.iratbank.hu\/?page_id=14"},"modified":"2013-03-25T19:28:11","modified_gmt":"2013-03-25T18:28:11","slug":"elonyok","status":"publish","type":"page","link":"http:\/\/www.iratbank.hu\/?page_id=14","title":{"rendered":"El\u0151ny\u00f6k"},"content":{"rendered":"<div id=\"center\">\n<div id=\"obsah\">\n<p><b>C\u00e9lunk, hogy szem\u00e9lyre szabott konstrukci\u00f3inkkal, minden \u00dcgyfel\u00fcnk sz\u00e1m\u00e1ra megtal\u00e1ljuk a legkedvez\u0151bb megtakar\u00edt\u00e1si megold\u00e1sokat. <\/b>Devizakonverzi\u00f3 realiz\u00e1l\u00e1sakor is p\u00e9nzt takar\u00edthat meg, mivel k\u00edn\u00e1latunk cca 1%-kal\u00a0 kedvez\u0151bb a bankok \u00e1rfolyamain\u00e1l.<\/p>\n<p><b>Mindenki sz\u00e1m\u00e1ra szem\u00e9lyre szabott \u00e1rfolyamk\u00edn\u00e1lattal\u00a0 szolg\u00e1lunk az adott pillanatban. <\/b>Korl\u00e1tlan \u00f6sszegben vihet v\u00e9ghez deviza v\u00e9telt\/elad\u00e1st, az \u00d6n\u00a0ig\u00e9nyeinek megfelel\u0151en. A fentebb eml\u00edtett 1 % egy \u00e1tlag\u00e9rt\u00e9k, amelyet az aktu\u00e1lis devizapiaci helyzet hat\u00e1roz meg. K\u00edn\u00e1latunkban szerepel az \u00f6sszes standard devizanem. <b>Ha aktu\u00e1lis aj\u00e1nlataink ir\u00e1nt \u00e9rdekl\u0151dik, akkor munkanapokon reggel 7:30-t\u00f3l d\u00e9lut\u00e1n 17:00- ig \u00e1llunk rendelkez\u00e9s\u00e9re a 0640 102 435 &#8211; \u00f6s\u00a0telefonsz\u00e1mon.<\/b><\/p>\n<p>A nagyobb k\u00e9nyelem, gyorsas\u00e1g \u00e9s a tranzakci\u00f3s k\u00f6lts\u00e9gek cs\u00f6kkent\u00e9se \u00e9rdek\u00e9ben sz\u00e1ml\u00e1t vezet\u00fcnk a k\u00f6vetkez\u0151 bankokban: OTP RT., ING Zrt.\u00a0Spot- (azonnali) \u00e9s hat\u00e1rid\u0151s, k\u00e9szp\u00e9nz n\u00e9lk\u00fcli devizakereskedelem mellett \u2013 \u00fajabb sp\u00f3rol\u00e1si lehet\u0151s\u00e9get k\u00edn\u00e1l\u00f3 szolg\u00e1ltat\u00e1st ny\u00fajtunk a hazai \u00e9s k\u00fclf\u00f6ldi fizet\u00e9si forgalomban r\u00e9sztvev\u0151 \u00dcgyfeleink r\u00e9sz\u00e9re.<\/p>\n<p><b>Az Akcenta CZ, rt.-vel val\u00f3 egy\u00fcttm\u0171k\u00f6d\u00e9s sz\u00e1mos el\u0151nnyel szolg\u00e1l!<br \/>\n<\/b><\/p>\n<ul>\n<li>K\u00f6lts\u00e9geinek jelent\u0151s megtakar\u00edt\u00e1sa, kedvez\u0151 deviza v\u00e9teli\/elad\u00e1si \u00e1rfolyamok<\/li>\n<li>Hat\u00e1rid\u0151s Forward \u00fcgyletek 1 \u00e9ves lej\u00e1ratig<\/li>\n<li>Devizakonverzi\u00f3 eset\u00e9n alacsony\u00a0 \u00e1tutal\u00e1si illet\u00e9k, k\u00fclf\u00f6ldr\u0151l\/k\u00fclf\u00f6ldre (l\u00e1sd. <a title=\"\u00c1rlista\" href=\"http:\/\/www.akcenta.com\/arlista.html\"><b>\u00c1rlista<\/b><\/a>)<\/li>\n<li>A p\u00e9nz\u00fcgyi tranzakci\u00f3k illet\u00e9kei nagyon alacsonyak, bizonyos esetekben nem sz\u00e1molunk fel illet\u00e9ket, a tranzakci\u00f3 ingyenes (l\u00e1sd \u00c1rjegyz\u00e9k).<\/li>\n<li>K\u00edn\u00e1latunkban az \u00f6sszes standard devizanem szerepel, amelyet \u00e1tv\u00e1lthat HUF -ra, vagy m\u00e1smilyen devizanemre.<\/li>\n<li>Az OLB internetes alkalmaz\u00e1s megk\u00f6nny\u00edti a kommunik\u00e1ci\u00f3t az \u00dcgyfeleink \u00e9s az Akcenta CZ, rt. k\u00f6z\u00f6tt<\/li>\n<li>Gyors \u00e9s megb\u00edzhat\u00f3 \u00fcgyint\u00e9z\u00e9s<\/li>\n<li>Aktu\u00e1lis piaci inform\u00e1ci\u00f3k, el\u0151rejelz\u00e9sek<\/li>\n<\/ul>\n<p>Az \u00d6n\u00f6k k\u00e9nyelme \u00e9rdek\u00e9ben hoztuk l\u00e9tre az <b>On-line Broker<\/b> internetes alkalmaz\u00e1st. Ezen rendszer feladatai k\u00f6z\u00e9 tartozik az aktu\u00e1lis \u00e1rfolyamok egyszer\u0171s\u00edtett k\u00f6zl\u00e9se, az \u00fczletek param\u00e9tereinek egyszer\u0171bb megad\u00e1sa.<\/p>\n<p><b>Ma, t\u00f6bb mint 13 ezer \u00dcgyf\u00e9l \u00e9lvezi szolg\u00e1ltat\u00e1saink el\u0151nyeit Csehorsz\u00e1gban, Szlov\u00e1ki\u00e1ban, Lengyelorsz\u00e1gban \u00e9s Magyarorsz\u00e1gon.<\/b> Vannak \u00dcgyfeleink, akik sz\u00edvesen ny\u00fajtanak referenci\u00e1t. Ezen \u00dcgyfeleink el\u00e9rhet\u0151s\u00e9geit az orsz\u00e1g eg\u00e9sz ter\u00fclet\u00e9n m\u0171k\u00f6d\u0151 \u00fczleti partnereinkt\u0151l (<b><a href=\"mailto:info@akcenta.eu\" target=\"_blank\">info@akcenta.eu<\/a><\/b>), vagy a K\u00f6zpontban dolgoz\u00f3 munkat\u00e1rsainkt\u00f3l k\u00e9rhetik a <b>06 40 102 43<b>5 <\/b><\/b>&#8211; \u00f6s telefonsz\u00e1mon.<\/p>\n<\/div>\n<\/div>\n","protected":false},"excerpt":{"rendered":"<p>C\u00e9lunk, hogy szem\u00e9lyre szabott konstrukci\u00f3inkkal, minden \u00dcgyfel\u00fcnk sz\u00e1m\u00e1ra megtal\u00e1ljuk a legkedvez\u0151bb megtakar\u00edt\u00e1si megold\u00e1sokat. Devizakonverzi\u00f3 realiz\u00e1l\u00e1sakor is p\u00e9nzt takar\u00edthat meg, mivel k\u00edn\u00e1latunk cca 1%-kal\u00a0 kedvez\u0151bb a bankok \u00e1rfolyamain\u00e1l. Mindenki sz\u00e1m\u00e1ra szem\u00e9lyre szabott \u00e1rfolyamk\u00edn\u00e1lattal\u00a0 szolg\u00e1lunk az adott pillanatban. Korl\u00e1tlan \u00f6sszegben vihet v\u00e9ghez deviza v\u00e9telt\/elad\u00e1st, az \u00d6n\u00a0ig\u00e9nyeinek megfelel\u0151en. A fentebb eml\u00edtett 1 % egy \u00e1tlag\u00e9rt\u00e9k, amelyet az aktu\u00e1lis [&hellip;]<\/p>\n","protected":false},"author":1,"featured_media":0,"parent":0,"menu_order":0,"comment_status":"closed","ping_status":"closed","template":"","meta":{"footnotes":""},"class_list":["post-14","page","type-page","status-publish","hentry"],"_links":{"self":[{"href":"http:\/\/www.iratbank.hu\/index.php?rest_route=\/wp\/v2\/pages\/14","targetHints":{"allow":["GET"]}}],"collection":[{"href":"http:\/\/www.iratbank.hu\/index.php?rest_route=\/wp\/v2\/pages"}],"about":[{"href":"http:\/\/www.iratbank.hu\/index.php?rest_route=\/wp\/v2\/types\/page"}],"author":[{"embeddable":true,"href":"http:\/\/www.iratbank.hu\/index.php?rest_route=\/wp\/v2\/users\/1"}],"replies":[{"embeddable":true,"href":"http:\/\/www.iratbank.hu\/index.php?rest_route=%2Fwp%2Fv2%2Fcomments&post=14"}],"version-history":[{"count":13,"href":"http:\/\/www.iratbank.hu\/index.php?rest_route=\/wp\/v2\/pages\/14\/revisions"}],"predecessor-version":[{"id":52,"href":"http:\/\/www.iratbank.hu\/index.php?rest_route=\/wp\/v2\/pages\/14\/revisions\/52"}],"wp:attachment":[{"href":"http:\/\/www.iratbank.hu\/index.php?rest_route=%2Fwp%2Fv2%2Fmedia&parent=14"}],"curies":[{"name":"wp","href":"https:\/\/api.w.org\/{rel}","templated":true}]}}