{"id":10,"date":"2013-03-21T13:19:51","date_gmt":"2013-03-21T12:19:51","guid":{"rendered":"http:\/\/www.iratbank.hu\/?page_id=10"},"modified":"2013-03-25T16:33:35","modified_gmt":"2013-03-25T15:33:35","slug":"termekinformacio","status":"publish","type":"page","link":"http:\/\/www.iratbank.hu\/?page_id=10","title":{"rendered":"Term\u00e9kinform\u00e1ci\u00f3"},"content":{"rendered":"<p><strong>Az Akcenta CZ, rt. aktu\u00e1lis term\u00e9kei:<\/strong><\/p>\n<ul>\n<li>Deviza v\u00e9tel \u00e9s elad\u00e1s (<a title=\"Deviza \u00fcgyletek\" href=\"http:\/\/www.akcenta.com\/devizove-obchody-hu.html\"><strong>devizakonverzi\u00f3<\/strong><\/a>) \u2013 promt \u00e9s hat\u00e1rid\u0151s \u00fczletek<\/li>\n<li>Forward \u00fczletek \u2013 kihaszn\u00e1lhat\u00f3k a kedvez\u0151tlen j\u00f6v\u0151beli \u00e1rfolyamok kiv\u00e9d\u00e9s\u00e9re<\/li>\n<li>Belf\u00f6ldi, illetve k\u00fclf\u00f6ldi deviza\u00e1tutal\u00e1s<\/li>\n<li>Az \u00d6n partnere \u00e1ltali befizet\u00e9sek megva\u00f3s\u00edt\u00e1sa<\/li>\n<li>Az Al-sz\u00e1mla felhaszn\u00e1l\u00e1sa devizakonverzi\u00f3, vagy egy\u00e9b \u00e1tutal\u00e1s c\u00e9lj\u00e1b\u00f3l<\/li>\n<li>Aktu\u00e1lis inform\u00e1ci\u00f3ik a devizapiac \u00e1llapot\u00e1r\u00f3l, illetve becsl\u00e9sek az \u00e1rfolyamok lehets\u00e9ges alakul\u00e1s\u00e1r\u00f3l \u2013 Piacinf\u00f3<\/li>\n<\/ul>\n<p>Term\u00e9keinkr\u0151l sz\u00f3l\u00f3 r\u00e9szletesebb inform\u00e1ci\u00f3t a Szol\u00e1ltat\u00e1sok men\u00fcpont alatt tal\u00e1lhatnak.<\/p>\n<p><strong>A <a href=\"http:\/\/www.akcenta.com\/img\/web\/prehled-klientskych-uctu_rijen.pdf\" target=\"_blank\">bankok<\/a> sz\u00e9les portf\u00f3li\u00f3ja, amelyekben devizasz\u00e1ml\u00e1kkal rendelkez\u00fcnk, lehet\u0151s\u00e9get ny\u00fajtanak sz\u00e1munkra az \u00dcgyfelek t\u00f6bbs\u00e9g\u00e9vel val\u00f3 operat\u00edv egy\u00fcttm\u0171k\u00f6d\u00e9sre. B\u00e1rmilyen nagys\u00e1gban v\u00e1s\u00e1rolhat, illetve k\u00edn\u00e1lhat elad\u00e1sra deviz\u00e1kat, az \u00f6sszeg nincs korl\u00e1tozva, az \u00d6n\u00f6k ig\u00e9nyeinek megfelel\u0151en hajtjuk v\u00e9gre az \u00fcgyletet.<\/strong> A p\u00e9nz\u00fcgyi tranzakci\u00f3k illet\u00e9kei nagyon alacsonyak, bizonyos esetekben illet\u00e9k nem ker\u00fcl felsz\u00e1mol\u00e1sra, a tranzakci\u00f3 ingyenes (l\u00e1sd \u00c1rjegyz\u00e9k). K\u00edn\u00e1latunkban az \u00f6sszes standard devizanem szerepel, amelyet \u00e1tv\u00e1lthat HUF -ra, vagy m\u00e1smilyen devizanemre.<\/p>\n<p><strong>Az adatv\u00e9delmet kulcsfontoss\u00e1g\u00fanak tekintj\u00fck. Minden m\u0171veletet, amelyet az \u00d6n\u00f6kkel val\u00f3 egy\u00fcttm\u0171k\u00f6d\u00e9s sor\u00e1n megval\u00f3s\u00edtunk, az \u00d6n\u00f6k v\u00e1llalkoz\u00e1s\u00e1nak inform\u00e1ci\u00f3it, illetve az ezzel \u00f6sszef\u00fcgg\u0151 adatokat a banki int\u00e9zm\u00e9nyek \u00e1ltal is haszn\u00e1lt egyedi biztons\u00e1gi technol\u00f3gi\u00e1val v\u00e9d\u00fcnk, a nap 24 \u00f3r\u00e1j\u00e1ban.\u00a0<\/strong><\/p>\n<p>C\u00e9g\u00fcnkkel kapcsolatos b\u0151vebb inform\u00e1ci\u00f3t, t\u00e1j\u00e9koztat\u00e1st a term\u00e9keinkr\u0151l illetve az egy\u00fcttm\u0171k\u00f6d\u00e9s el\u0151nyeir\u0151l a k\u00fcl\u00f6nb\u00f6z\u0151 r\u00e9gi\u00f3kban m\u0171k\u00f6d\u0151 \u00fczleti partnereinkt\u0151l kaphatnak az orsz\u00e1g teljes ter\u00fclet\u00e9n (<a href=\"mailto:info@akcenta.eu\" target=\"_blank\"><strong>info@akcenta.eu<\/strong><\/a>), vagy a K\u00f6zpontban dolgoz\u00f3 munkat\u00e1rsainkt\u00f3l a <strong>06 40 102 435-os<\/strong> telefonsz\u00e1mon.<\/p>\n","protected":false},"excerpt":{"rendered":"<p>Az Akcenta CZ, rt. aktu\u00e1lis term\u00e9kei: Deviza v\u00e9tel \u00e9s elad\u00e1s (devizakonverzi\u00f3) \u2013 promt \u00e9s hat\u00e1rid\u0151s \u00fczletek Forward \u00fczletek \u2013 kihaszn\u00e1lhat\u00f3k a kedvez\u0151tlen j\u00f6v\u0151beli \u00e1rfolyamok kiv\u00e9d\u00e9s\u00e9re Belf\u00f6ldi, illetve k\u00fclf\u00f6ldi deviza\u00e1tutal\u00e1s Az \u00d6n partnere \u00e1ltali befizet\u00e9sek megva\u00f3s\u00edt\u00e1sa Az Al-sz\u00e1mla felhaszn\u00e1l\u00e1sa devizakonverzi\u00f3, vagy egy\u00e9b \u00e1tutal\u00e1s c\u00e9lj\u00e1b\u00f3l Aktu\u00e1lis inform\u00e1ci\u00f3ik a devizapiac \u00e1llapot\u00e1r\u00f3l, illetve becsl\u00e9sek az \u00e1rfolyamok lehets\u00e9ges alakul\u00e1s\u00e1r\u00f3l \u2013 [&hellip;]<\/p>\n","protected":false},"author":1,"featured_media":0,"parent":0,"menu_order":0,"comment_status":"closed","ping_status":"closed","template":"","meta":{"footnotes":""},"class_list":["post-10","page","type-page","status-publish","hentry"],"_links":{"self":[{"href":"http:\/\/www.iratbank.hu\/index.php?rest_route=\/wp\/v2\/pages\/10","targetHints":{"allow":["GET"]}}],"collection":[{"href":"http:\/\/www.iratbank.hu\/index.php?rest_route=\/wp\/v2\/pages"}],"about":[{"href":"http:\/\/www.iratbank.hu\/index.php?rest_route=\/wp\/v2\/types\/page"}],"author":[{"embeddable":true,"href":"http:\/\/www.iratbank.hu\/index.php?rest_route=\/wp\/v2\/users\/1"}],"replies":[{"embeddable":true,"href":"http:\/\/www.iratbank.hu\/index.php?rest_route=%2Fwp%2Fv2%2Fcomments&post=10"}],"version-history":[{"count":6,"href":"http:\/\/www.iratbank.hu\/index.php?rest_route=\/wp\/v2\/pages\/10\/revisions"}],"predecessor-version":[{"id":63,"href":"http:\/\/www.iratbank.hu\/index.php?rest_route=\/wp\/v2\/pages\/10\/revisions\/63"}],"wp:attachment":[{"href":"http:\/\/www.iratbank.hu\/index.php?rest_route=%2Fwp%2Fv2%2Fmedia&parent=10"}],"curies":[{"name":"wp","href":"https:\/\/api.w.org\/{rel}","templated":true}]}}